{"id":263,"date":"2025-09-30T11:13:41","date_gmt":"2025-09-30T11:13:41","guid":{"rendered":"https:\/\/marthacleaning.de\/?page_id=263"},"modified":"2025-11-07T02:32:35","modified_gmt":"2025-11-07T02:32:35","slug":"impressum","status":"publish","type":"page","link":"https:\/\/marthacleaning.de\/en\/impressum\/","title":{"rendered":"Legal Notice"},"content":{"rendered":"<div data-elementor-type=\"wp-page\" data-elementor-id=\"263\" class=\"elementor elementor-263\" data-elementor-post-type=\"page\">\n\t\t\t\t<div class=\"elementor-element elementor-element-3fb7b74 e-flex e-con-boxed wpr-particle-no wpr-jarallax-no wpr-parallax-no wpr-sticky-section-no wpr-equal-height-no e-con e-parent\" data-id=\"3fb7b74\" data-element_type=\"container\" data-e-type=\"container\">\n\t\t\t\t\t<div class=\"e-con-inner\">\n\t\t\t\t<div class=\"elementor-element elementor-element-8130786 elementor-widget elementor-widget-spacer\" data-id=\"8130786\" data-element_type=\"widget\" data-e-type=\"widget\" data-widget_type=\"spacer.default\">\n\t\t\t\t\t\t\t<div class=\"elementor-spacer\">\n\t\t\t<div class=\"elementor-spacer-inner\"><\/div>\n\t\t<\/div>\n\t\t\t\t\t\t<\/div>\n\t\t\t\t<div class=\"elementor-element elementor-element-e6c6ea7 elementor-widget elementor-widget-spacer\" data-id=\"e6c6ea7\" data-element_type=\"widget\" data-e-type=\"widget\" data-widget_type=\"spacer.default\">\n\t\t\t\t\t\t\t<div class=\"elementor-spacer\">\n\t\t\t<div class=\"elementor-spacer-inner\"><\/div>\n\t\t<\/div>\n\t\t\t\t\t\t<\/div>\n\t\t\t\t<div class=\"elementor-element elementor-element-2522b7a elementor-widget elementor-widget-heading\" data-id=\"2522b7a\" data-element_type=\"widget\" data-e-type=\"widget\" data-widget_type=\"heading.default\">\n\t\t\t\t\t<h2 class=\"elementor-heading-title elementor-size-default\">Legal Notice<\/h2>\t\t\t\t<\/div>\n\t\t\t\t<div class=\"elementor-element elementor-element-b0f4909 elementor-widget elementor-widget-spacer\" data-id=\"b0f4909\" data-element_type=\"widget\" data-e-type=\"widget\" data-widget_type=\"spacer.default\">\n\t\t\t\t\t\t\t<div class=\"elementor-spacer\">\n\t\t\t<div class=\"elementor-spacer-inner\"><\/div>\n\t\t<\/div>\n\t\t\t\t\t\t<\/div>\n\t\t\t\t<div class=\"elementor-element elementor-element-3842b0c elementor-widget elementor-widget-text-editor\" data-id=\"3842b0c\" data-element_type=\"widget\" data-e-type=\"widget\" data-widget_type=\"text-editor.default\">\n\t\t\t\t\t\t\t\t\t<p class=\"translation-block\">Information pursuant to \u00a75 of the German Telemedia Act (TMG):\n<br><br>\nMartha Cleaning UG\n<br>Celine Marchand and Ren\u00e9 Hartard\n<br>Merowingerstr. 57\n<br>40225 D\u00fcsseldorf\n<br>Germany\n<br><br>\nPhone: 0211 17448501\n<br>Email: hallo@marthacleaning.de\n\n<br><br>\nResponsible in accordance with \u00a755 para. 2 RStV:\n<br>Celine Marchand and Ren\u00e9 Hartard\n<br>VAT Identification Number: DE368331811\n<br><br>\nMartha Cleaning UG is a company registered in Germany providing professional cleaning services.<\/p>\t\t\t\t\t\t\t\t<\/div>\n\t\t\t\t<div class=\"elementor-element elementor-element-6bfaa03 elementor-widget elementor-widget-spacer\" data-id=\"6bfaa03\" data-element_type=\"widget\" data-e-type=\"widget\" data-widget_type=\"spacer.default\">\n\t\t\t\t\t\t\t<div class=\"elementor-spacer\">\n\t\t\t<div class=\"elementor-spacer-inner\"><\/div>\n\t\t<\/div>\n\t\t\t\t\t\t<\/div>\n\t\t\t\t\t<\/div>\n\t\t\t\t<\/div>\n\t\t\t\t<\/div>","protected":false},"excerpt":{"rendered":"<p>Impressum Angaben gem\u00e4\u00df \u00a75 des TMG: Martha Cleaning UGCeline Marchand und Ren\u00e9 HartardMerowingerstr. 5740225 D\u00fcsseldorfDeutschland Telefon: 0211 17448501Mail: hallo@marthacleaning.de Verantwortlich gem\u00e4\u00df \u00a755 Abs. 2 RStV:Celine Marchand und Ren\u00e9 HartardUmsatzsteuer-Identifikationsnummer: DE368331811 Martha Cleaning UG Ist ein in Deutschland eingetragenes Unternehmen f\u00fcr Reinigungsdienstleistungen<\/p>","protected":false},"author":2,"featured_media":0,"parent":0,"menu_order":0,"comment_status":"closed","ping_status":"closed","template":"elementor_header_footer","meta":{"footnotes":""},"class_list":["post-263","page","type-page","status-publish","hentry"],"_links":{"self":[{"href":"https:\/\/marthacleaning.de\/en\/wp-json\/wp\/v2\/pages\/263","targetHints":{"allow":["GET"]}}],"collection":[{"href":"https:\/\/marthacleaning.de\/en\/wp-json\/wp\/v2\/pages"}],"about":[{"href":"https:\/\/marthacleaning.de\/en\/wp-json\/wp\/v2\/types\/page"}],"author":[{"embeddable":true,"href":"https:\/\/marthacleaning.de\/en\/wp-json\/wp\/v2\/users\/2"}],"replies":[{"embeddable":true,"href":"https:\/\/marthacleaning.de\/en\/wp-json\/wp\/v2\/comments?post=263"}],"version-history":[{"count":11,"href":"https:\/\/marthacleaning.de\/en\/wp-json\/wp\/v2\/pages\/263\/revisions"}],"predecessor-version":[{"id":842,"href":"https:\/\/marthacleaning.de\/en\/wp-json\/wp\/v2\/pages\/263\/revisions\/842"}],"wp:attachment":[{"href":"https:\/\/marthacleaning.de\/en\/wp-json\/wp\/v2\/media?parent=263"}],"curies":[{"name":"wp","href":"https:\/\/api.w.org\/{rel}","templated":true}]}}